{"id":1454,"date":"2025-11-04T15:30:09","date_gmt":"2025-11-04T14:30:09","guid":{"rendered":"https:\/\/eurotech-cnc.eu\/?page_id=1454"},"modified":"2025-11-07T11:36:54","modified_gmt":"2025-11-07T10:36:54","slug":"maskiner","status":"publish","type":"page","link":"https:\/\/eurotech-cnc.eu\/sv\/maskiner\/","title":{"rendered":"Maskinpark"},"content":{"rendered":"<div data-elementor-type=\"wp-page\" data-elementor-id=\"1454\" class=\"elementor elementor-1454\" data-elementor-post-type=\"page\">\n\t\t\t\t\t\t<section class=\"elementor-section elementor-top-section elementor-element elementor-element-cac3351 elementor-section-height-min-height elementor-section-boxed elementor-section-height-default elementor-section-items-middle\" data-id=\"cac3351\" data-element_type=\"section\" data-settings=\"{&quot;background_background&quot;:&quot;classic&quot;}\">\n\t\t\t\t\t\t\t<div class=\"elementor-background-overlay\"><\/div>\n\t\t\t\t\t\t\t<div class=\"elementor-container elementor-column-gap-default\">\n\t\t\t\t\t<div class=\"elementor-column elementor-col-100 elementor-top-column elementor-element elementor-element-5311524\" data-id=\"5311524\" data-element_type=\"column\">\n\t\t\t<div class=\"elementor-widget-wrap elementor-element-populated\">\n\t\t\t\t\t\t<section class=\"elementor-section elementor-inner-section elementor-element elementor-element-5d1f3d8 elementor-section-boxed elementor-section-height-default elementor-section-height-default\" data-id=\"5d1f3d8\" data-element_type=\"section\">\n\t\t\t\t\t\t<div class=\"elementor-container elementor-column-gap-no\">\n\t\t\t\t\t<div class=\"elementor-column elementor-col-100 elementor-inner-column elementor-element elementor-element-cb4a458\" data-id=\"cb4a458\" data-element_type=\"column\">\n\t\t\t<div class=\"elementor-widget-wrap\">\n\t\t\t\t\t\t\t<\/div>\n\t\t<\/div>\n\t\t\t\t\t<\/div>\n\t\t<\/section>\n\t\t\t\t<div class=\"elementor-element elementor-element-9089860 elementor-widget elementor-widget-heading\" data-id=\"9089860\" data-element_type=\"widget\" data-widget_type=\"heading.default\">\n\t\t\t\t<div class=\"elementor-widget-container\">\n\t\t\t\t\t<h1 class=\"elementor-heading-title elementor-size-default\">Maskinpark<\/h1>\t\t\t\t<\/div>\n\t\t\t\t<\/div>\n\t\t\t\t\t<\/div>\n\t\t<\/div>\n\t\t\t\t\t<\/div>\n\t\t<\/section>\n\t\t<div class=\"elementor-element elementor-element-2f3e702 e-flex e-con-boxed e-con e-parent\" data-id=\"2f3e702\" data-element_type=\"container\">\n\t\t\t\t\t<div class=\"e-con-inner\">\n\t\t<div class=\"elementor-element elementor-element-a83a5f1 e-con-full e-flex e-con e-child\" data-id=\"a83a5f1\" data-element_type=\"container\">\n\t\t\t\t<div class=\"elementor-element elementor-element-665f33e elementor-widget elementor-widget-heading\" data-id=\"665f33e\" data-element_type=\"widget\" data-widget_type=\"heading.default\">\n\t\t\t\t<div class=\"elementor-widget-container\">\n\t\t\t\t\t<h2 class=\"elementor-heading-title elementor-size-default\">FANUC Robodrill Alpha D21 LiB5<\/h2>\t\t\t\t<\/div>\n\t\t\t\t<\/div>\n\t\t\t\t<div class=\"elementor-element elementor-element-972031a elementor-widget elementor-widget-text-editor\" data-id=\"972031a\" data-element_type=\"widget\" data-widget_type=\"text-editor.default\">\n\t\t\t\t<div class=\"elementor-widget-container\">\n\t\t\t\t\t\t\t\t\t<p>Intervall (x;y;z): <strong>700x400x330<br \/><\/strong>Tillverknings\u00e5r: <strong data-start=\"1760\" data-end=\"1770\">2020<\/strong><\/p>\t\t\t\t\t\t\t\t<\/div>\n\t\t\t\t<\/div>\n\t\t\t\t<\/div>\n\t\t<div class=\"elementor-element elementor-element-91f0b52 e-con-full e-flex e-con e-child\" data-id=\"91f0b52\" data-element_type=\"container\">\n\t\t\t\t<div class=\"elementor-element elementor-element-03ace61 elementor-widget elementor-widget-heading\" data-id=\"03ace61\" data-element_type=\"widget\" data-widget_type=\"heading.default\">\n\t\t\t\t<div class=\"elementor-widget-container\">\n\t\t\t\t\t<h2 class=\"elementor-heading-title elementor-size-default\">Doosan DNM 6700<\/h2>\t\t\t\t<\/div>\n\t\t\t\t<\/div>\n\t\t\t\t<div class=\"elementor-element elementor-element-4f9585b elementor-widget elementor-widget-text-editor\" data-id=\"4f9585b\" data-element_type=\"widget\" data-widget_type=\"text-editor.default\">\n\t\t\t\t<div class=\"elementor-widget-container\">\n\t\t\t\t\t\t\t\t\t<p>Intervall (x;y;z): <strong>1300x670x625<br \/><\/strong>Tillverknings\u00e5r: <strong>2021<\/strong><\/p>\t\t\t\t\t\t\t\t<\/div>\n\t\t\t\t<\/div>\n\t\t\t\t<\/div>\n\t\t<div class=\"elementor-element elementor-element-9449261 e-con-full e-flex e-con e-child\" data-id=\"9449261\" data-element_type=\"container\">\n\t\t\t\t<div class=\"elementor-element elementor-element-00613a8 elementor-widget elementor-widget-heading\" data-id=\"00613a8\" data-element_type=\"widget\" data-widget_type=\"heading.default\">\n\t\t\t\t<div class=\"elementor-widget-container\">\n\t\t\t\t\t<h2 class=\"elementor-heading-title elementor-size-default\">FANUC Robodrill Alpha D21 LiB5P<\/h2>\t\t\t\t<\/div>\n\t\t\t\t<\/div>\n\t\t\t\t<div class=\"elementor-element elementor-element-6316c1e elementor-widget elementor-widget-text-editor\" data-id=\"6316c1e\" data-element_type=\"widget\" data-widget_type=\"text-editor.default\">\n\t\t\t\t<div class=\"elementor-widget-container\">\n\t\t\t\t\t\t\t\t\t<p>Intervall (x;y;z): <strong>700x400x330<br \/><\/strong>Tillverknings\u00e5r: <strong data-start=\"1760\" data-end=\"1770\">2022<\/strong><\/p>\t\t\t\t\t\t\t\t<\/div>\n\t\t\t\t<\/div>\n\t\t\t\t<\/div>\n\t\t<div class=\"elementor-element elementor-element-b3594e6 e-con-full e-flex e-con e-child\" data-id=\"b3594e6\" data-element_type=\"container\">\n\t\t\t\t<div class=\"elementor-element elementor-element-940c6cd elementor-widget elementor-widget-heading\" data-id=\"940c6cd\" data-element_type=\"widget\" data-widget_type=\"heading.default\">\n\t\t\t\t<div class=\"elementor-widget-container\">\n\t\t\t\t\t<h2 class=\"elementor-heading-title elementor-size-default\">DN Solutions DNM 6700 XL<\/h2>\t\t\t\t<\/div>\n\t\t\t\t<\/div>\n\t\t\t\t<div class=\"elementor-element elementor-element-9dcde57 elementor-widget elementor-widget-text-editor\" data-id=\"9dcde57\" data-element_type=\"widget\" data-widget_type=\"text-editor.default\">\n\t\t\t\t<div class=\"elementor-widget-container\">\n\t\t\t\t\t\t\t\t\t<p>Intervall (x;y;z): <strong>2100x670x625<br \/><\/strong>Tillverknings\u00e5r: <strong data-start=\"1760\" data-end=\"1770\">2023<\/strong><\/p>\t\t\t\t\t\t\t\t<\/div>\n\t\t\t\t<\/div>\n\t\t\t\t<\/div>\n\t\t<div class=\"elementor-element elementor-element-eb681fc e-con-full e-flex e-con e-child\" data-id=\"eb681fc\" data-element_type=\"container\">\n\t\t\t\t<div class=\"elementor-element elementor-element-68ff482 elementor-widget elementor-widget-heading\" data-id=\"68ff482\" data-element_type=\"widget\" data-widget_type=\"heading.default\">\n\t\t\t\t<div class=\"elementor-widget-container\">\n\t\t\t\t\t<h2 class=\"elementor-heading-title elementor-size-default\">FANUC Robodrill Alpha D21 LiB5P<\/h2>\t\t\t\t<\/div>\n\t\t\t\t<\/div>\n\t\t\t\t<div class=\"elementor-element elementor-element-68fe67d elementor-widget elementor-widget-text-editor\" data-id=\"68fe67d\" data-element_type=\"widget\" data-widget_type=\"text-editor.default\">\n\t\t\t\t<div class=\"elementor-widget-container\">\n\t\t\t\t\t\t\t\t\t<p>Intervall (x;y;z): <strong>700x400x330<br \/><\/strong>Tillverknings\u00e5r: <strong data-start=\"1760\" data-end=\"1770\">2023<\/strong><\/p>\t\t\t\t\t\t\t\t<\/div>\n\t\t\t\t<\/div>\n\t\t\t\t<\/div>\n\t\t<div class=\"elementor-element elementor-element-a66948e e-con-full e-flex e-con e-child\" data-id=\"a66948e\" data-element_type=\"container\">\n\t\t\t\t<div class=\"elementor-element elementor-element-34f9705 elementor-widget elementor-widget-heading\" data-id=\"34f9705\" data-element_type=\"widget\" data-widget_type=\"heading.default\">\n\t\t\t\t<div class=\"elementor-widget-container\">\n\t\t\t\t\t<h2 class=\"elementor-heading-title elementor-size-default\">DN Solutions DNM 6700 <\/h2>\t\t\t\t<\/div>\n\t\t\t\t<\/div>\n\t\t\t\t<div class=\"elementor-element elementor-element-a8f2107 elementor-widget elementor-widget-text-editor\" data-id=\"a8f2107\" data-element_type=\"widget\" data-widget_type=\"text-editor.default\">\n\t\t\t\t<div class=\"elementor-widget-container\">\n\t\t\t\t\t\t\t\t\t<p>Intervall (x;y;z): <strong>1300x670x625<br \/><\/strong>Tillverknings\u00e5r: <strong data-start=\"1760\" data-end=\"1770\">2024<\/strong><\/p>\t\t\t\t\t\t\t\t<\/div>\n\t\t\t\t<\/div>\n\t\t\t\t<\/div>\n\t\t<div class=\"elementor-element elementor-element-34b616c e-con-full e-flex e-con e-child\" data-id=\"34b616c\" data-element_type=\"container\">\n\t\t\t\t<div class=\"elementor-element elementor-element-b784dcf elementor-widget elementor-widget-heading\" data-id=\"b784dcf\" data-element_type=\"widget\" data-widget_type=\"heading.default\">\n\t\t\t\t<div class=\"elementor-widget-container\">\n\t\t\t\t\t<h2 class=\"elementor-heading-title elementor-size-default\">DN Solutions DNM 6700 <\/h2>\t\t\t\t<\/div>\n\t\t\t\t<\/div>\n\t\t\t\t<div class=\"elementor-element elementor-element-8a63f01 elementor-widget elementor-widget-text-editor\" data-id=\"8a63f01\" data-element_type=\"widget\" data-widget_type=\"text-editor.default\">\n\t\t\t\t<div class=\"elementor-widget-container\">\n\t\t\t\t\t\t\t\t\t<p>Intervall (x;y;z): <strong>1300x670x625<br \/><\/strong>Tillverknings\u00e5r: <strong data-start=\"1760\" data-end=\"1770\">2024<\/strong><\/p>\t\t\t\t\t\t\t\t<\/div>\n\t\t\t\t<\/div>\n\t\t\t\t<\/div>\n\t\t<div class=\"elementor-element elementor-element-b335047 e-con-full e-flex e-con e-child\" data-id=\"b335047\" data-element_type=\"container\">\n\t\t\t\t<div class=\"elementor-element elementor-element-234b1f2 elementor-widget elementor-widget-heading\" data-id=\"234b1f2\" data-element_type=\"widget\" data-widget_type=\"heading.default\">\n\t\t\t\t<div class=\"elementor-widget-container\">\n\t\t\t\t\t<h2 class=\"elementor-heading-title elementor-size-default\">FANUC Robodrill Alpha D21 LiB5P<\/h2>\t\t\t\t<\/div>\n\t\t\t\t<\/div>\n\t\t\t\t<div class=\"elementor-element elementor-element-bde09a5 elementor-widget elementor-widget-text-editor\" data-id=\"bde09a5\" data-element_type=\"widget\" data-widget_type=\"text-editor.default\">\n\t\t\t\t<div class=\"elementor-widget-container\">\n\t\t\t\t\t\t\t\t\t<p>Intervall (x;y;z): <strong>700x400x330<br \/><\/strong>Tillverknings\u00e5r: <strong data-start=\"1760\" data-end=\"1770\">2024<\/strong><\/p>\t\t\t\t\t\t\t\t<\/div>\n\t\t\t\t<\/div>\n\t\t\t\t<\/div>\n\t\t<div class=\"elementor-element elementor-element-392f468 e-con-full e-flex e-con e-child\" data-id=\"392f468\" data-element_type=\"container\">\n\t\t\t\t<div class=\"elementor-element elementor-element-33d4c19 elementor-widget elementor-widget-heading\" data-id=\"33d4c19\" data-element_type=\"widget\" data-widget_type=\"heading.default\">\n\t\t\t\t<div class=\"elementor-widget-container\">\n\t\t\t\t\t<h2 class=\"elementor-heading-title elementor-size-default\">FANUC Robodrill Alpha D21 LiB5P<\/h2>\t\t\t\t<\/div>\n\t\t\t\t<\/div>\n\t\t\t\t<div class=\"elementor-element elementor-element-45aed89 elementor-widget elementor-widget-text-editor\" data-id=\"45aed89\" data-element_type=\"widget\" data-widget_type=\"text-editor.default\">\n\t\t\t\t<div class=\"elementor-widget-container\">\n\t\t\t\t\t\t\t\t\t<p>Intervall (x;y;z): <strong>700x400x330<br \/><\/strong>Tillverknings\u00e5r: <strong data-start=\"1760\" data-end=\"1770\">2024<\/strong><\/p>\t\t\t\t\t\t\t\t<\/div>\n\t\t\t\t<\/div>\n\t\t\t\t<\/div>\n\t\t\t\t\t<\/div>\n\t\t\t\t<\/div>\n\t\t\t\t<section class=\"elementor-section elementor-top-section elementor-element elementor-element-5c66b73 elementor-section-boxed elementor-section-height-default elementor-section-height-default\" data-id=\"5c66b73\" data-element_type=\"section\">\n\t\t\t\t\t\t<div class=\"elementor-container elementor-column-gap-default\">\n\t\t\t\t\t<div class=\"elementor-column elementor-col-100 elementor-top-column elementor-element elementor-element-6387dc8\" data-id=\"6387dc8\" data-element_type=\"column\">\n\t\t\t<div class=\"elementor-widget-wrap elementor-element-populated\">\n\t\t\t\t\t\t<div class=\"elementor-element elementor-element-24985a3 elementor-widget elementor-widget-heading\" data-id=\"24985a3\" data-element_type=\"widget\" data-widget_type=\"heading.default\">\n\t\t\t\t<div class=\"elementor-widget-container\">\n\t\t\t\t\t<h2 class=\"elementor-heading-title elementor-size-default\">Eurotech CNC-maskinpark<\/h2>\t\t\t\t<\/div>\n\t\t\t\t<\/div>\n\t\t\t\t<div class=\"elementor-element elementor-element-93cc8da elementor-widget elementor-widget-text-editor\" data-id=\"93cc8da\" data-element_type=\"widget\" data-widget_type=\"text-editor.default\">\n\t\t\t\t<div class=\"elementor-widget-container\">\n\t\t\t\t\t\t\t\t\t<p>Moderna maskiner \u00e4r hj\u00e4rtat i v\u00e5r produktion. P\u00e5 Eurotech CNC investerar vi i de senaste fleroperationsmaskinerna som ger <strong>noggrannhet, repeterbarhet och effektivitet<\/strong> under genomf\u00f6randet av \u00e4ven de mest kr\u00e4vande projekten. V\u00e5ra maskiner m\u00f6jligg\u00f6r <strong>CNC-precisionsbearbetning av aluminium, st\u00e5l, m\u00e4ssing och plast<\/strong>, vilket garanterar h\u00f6gsta kvalitet p\u00e5 detaljerna.<\/p>\t\t\t\t\t\t\t\t<\/div>\n\t\t\t\t<\/div>\n\t\t\t\t<div class=\"elementor-element elementor-element-2632df2 elementor-widget elementor-widget-heading\" data-id=\"2632df2\" data-element_type=\"widget\" data-widget_type=\"heading.default\">\n\t\t\t\t<div class=\"elementor-widget-container\">\n\t\t\t\t\t<h3 class=\"elementor-heading-title elementor-size-default\">V\u00e5ra tekniska f\u00f6rm\u00e5gor<\/h3>\t\t\t\t<\/div>\n\t\t\t\t<\/div>\n\t\t\t\t<div class=\"elementor-element elementor-element-1313774 elementor-widget elementor-widget-text-editor\" data-id=\"1313774\" data-element_type=\"widget\" data-widget_type=\"text-editor.default\">\n\t\t\t\t<div class=\"elementor-widget-container\">\n\t\t\t\t\t\t\t\t\t<p>Tack vare m\u00e5ngfalden och moderniteten i v\u00e5r maskinpark kan vi erbjuda:<\/p><ul><li><p>3-axlig och 4-axlig maskinbearbetning,<\/p><\/li><li><p>CNC-svarvning och -fr\u00e4sning,<\/p><\/li><li><p>prototyp- och serieproduktion,<\/p><\/li><li><p>korta ledtider,<\/p><\/li><li><p>kvalitetskontroll i varje steg.<\/p><\/li><\/ul><p>Varje maskin i v\u00e5r flotta servas och kalibreras regelbundet f\u00f6r att uppr\u00e4tth\u00e5lla <strong>h\u00f6gsta standard f\u00f6r kvalitet och m\u00e5ttnoggrannhet<\/strong>. Som ett resultat av detta kan vi uppfylla f\u00f6rv\u00e4ntningarna hos kunder i <strong>fordons-, industri-, flyg- och medicinteknik<\/strong>.<\/p>\t\t\t\t\t\t\t\t<\/div>\n\t\t\t\t<\/div>\n\t\t\t\t<div class=\"elementor-element elementor-element-5c8c4ed elementor-widget elementor-widget-heading\" data-id=\"5c8c4ed\" data-element_type=\"widget\" data-widget_type=\"heading.default\">\n\t\t\t\t<div class=\"elementor-widget-container\">\n\t\t\t\t\t<h3 class=\"elementor-heading-title elementor-size-default\">Precision, effektivitet och modernitet<\/h3>\t\t\t\t<\/div>\n\t\t\t\t<\/div>\n\t\t\t\t<div class=\"elementor-element elementor-element-c82e850 elementor-widget elementor-widget-text-editor\" data-id=\"c82e850\" data-element_type=\"widget\" data-widget_type=\"text-editor.default\">\n\t\t\t\t<div class=\"elementor-widget-container\">\n\t\t\t\t\t\t\t\t\t<p>Vi fokuserar p\u00e5 kontinuerlig utveckling. V\u00e5r maskinpark expanderar st\u00e4ndigt och nya investeringar i <strong>FANUC Robodrill<\/strong> i <strong>DN L\u00f6sningar<\/strong> g\u00f6r det m\u00f6jligt f\u00f6r oss att genomf\u00f6ra alltmer sofistikerade projekt.<br \/>Om du letar efter en partner som kan fullf\u00f6lja din order med <strong>noggrannhet p\u00e5 hundradelar av en millimeter<\/strong>, kontakta oss - <strong>Eurotech CNC<\/strong> \u00e4r en garanti f\u00f6r kvalitet och aktualitet.<\/p>\t\t\t\t\t\t\t\t<\/div>\n\t\t\t\t<\/div>\n\t\t\t\t\t<\/div>\n\t\t<\/div>\n\t\t\t\t\t<\/div>\n\t\t<\/section>\n\t\t\t\t<\/div>","protected":false},"excerpt":{"rendered":"<p>Park maszynowy FANUC Robodrill Alpha D21 LiB5 Zakresy (x;y;z): 700x400x330Rok produkcji: 2020 Doosan DNM 6700 Zakresy (x;y;z): 1300x670x625Rok produkcji: 2021 FANUC Robodrill Alpha D21 LiB5P Zakresy (x;y;z): 700x400x330Rok produkcji: 2022 DN Solutions DNM 6700 XL Zakresy (x;y;z): 2100x670x625Rok produkcji: 2023 FANUC Robodrill Alpha D21 LiB5P Zakresy (x;y;z): 700x400x330Rok produkcji: 2023 DN Solutions DNM 6700 Zakresy [&hellip;]<\/p>","protected":false},"author":8,"featured_media":0,"parent":0,"menu_order":0,"comment_status":"closed","ping_status":"closed","template":"elementor_header_footer","meta":{"footnotes":""},"class_list":["post-1454","page","type-page","status-publish","hentry","entry"],"_links":{"self":[{"href":"https:\/\/eurotech-cnc.eu\/sv\/wp-json\/wp\/v2\/pages\/1454","targetHints":{"allow":["GET"]}}],"collection":[{"href":"https:\/\/eurotech-cnc.eu\/sv\/wp-json\/wp\/v2\/pages"}],"about":[{"href":"https:\/\/eurotech-cnc.eu\/sv\/wp-json\/wp\/v2\/types\/page"}],"author":[{"embeddable":true,"href":"https:\/\/eurotech-cnc.eu\/sv\/wp-json\/wp\/v2\/users\/8"}],"replies":[{"embeddable":true,"href":"https:\/\/eurotech-cnc.eu\/sv\/wp-json\/wp\/v2\/comments?post=1454"}],"version-history":[{"count":19,"href":"https:\/\/eurotech-cnc.eu\/sv\/wp-json\/wp\/v2\/pages\/1454\/revisions"}],"predecessor-version":[{"id":1489,"href":"https:\/\/eurotech-cnc.eu\/sv\/wp-json\/wp\/v2\/pages\/1454\/revisions\/1489"}],"wp:attachment":[{"href":"https:\/\/eurotech-cnc.eu\/sv\/wp-json\/wp\/v2\/media?parent=1454"}],"curies":[{"name":"wp","href":"https:\/\/api.w.org\/{rel}","templated":true}]}}